{"id":82,"date":"2020-03-09T14:39:53","date_gmt":"2020-03-09T14:39:53","guid":{"rendered":"https:\/\/neu.aniol-kowalska.de\/?page_id=82"},"modified":"2020-08-25T10:45:53","modified_gmt":"2020-08-25T10:45:53","slug":"ueber-mich-2","status":"publish","type":"page","link":"https:\/\/www.aniol-kowalska.de\/index.php\/ueber-mich-2\/","title":{"rendered":"\u00dcber mich"},"content":{"rendered":"\n<p>Vita<\/p>\n\n\n\n<p class=\"has-text-align-left\">1976 geboren in Bydgoszcz ( Polen ) , lebt und arbeitet in Friedrichsdorf nahe Frankfurt.<\/p>\n\n\n\n<p class=\"has-text-align-left\">1991-1996 Staatliches Lyzeum der Bildenden K\u00fcnste in Bydgoszcz <br>Berufstitel: Bildende K\u00fcnstlerin<br>1998-2004 Studium an der Goethe-Universit\u00e4t in Frankfurt am Main<br>Kunstp\u00e4dagogik Kunstgeschichte Psychoanalyse \/ Abschluss: Magistra Artium<\/p>\n\n\n\n<p>2000-2014 Leitung einer Bastel-und Malwerkstatt in Oberursel <\/p>\n\n\n\n<p class=\"has-text-align-left\">2002-2006 Leitung von Mal- und Zeichenkursen im Seniorentreff<br>Altes Hospital in Oberursel<\/p>\n\n\n\n<p>2006 bis 20013  Kindererziehungszeit \/  intensive Fortbildungen und Auseinandersetzungen mit Malerei und Grafik <\/p>\n\n\n\n<p>2014 Praktikum: Ergotherapie \/ Klinik Hohe Mark Oberursel <\/p>\n\n\n\n<p class=\"has-text-align-left\">seit 2014   Leitung von Mal- und Zeichenkursen f\u00fcr Erwachsene<br>2015 -2018 Dozentin in der Malschule The Seasons Art Class in Bad Homburg<br>Dozentin VHS Oberursel<\/p>\n\n\n\n<p class=\"has-text-align-left\">seit 2019 Freischaffende K\u00fcnstlerin <\/p>\n\n\n\n<figure class=\"wp-block-gallery columns-1 is-cropped\"><ul class=\"blocks-gallery-grid\"><li class=\"blocks-gallery-item\"><figure><img loading=\"lazy\" width=\"1024\" height=\"595\" src=\"https:\/\/www.aniol-kowalska.de\/wp-content\/uploads\/2020\/06\/DSC02780-e1596303639700-1024x595.jpg\" alt=\"\" data-id=\"254\" data-full-url=\"https:\/\/www.aniol-kowalska.de\/wp-content\/uploads\/2020\/06\/DSC02780-e1596902906423.jpg\" data-link=\"https:\/\/www.aniol-kowalska.de\/index.php\/ueber-mich-2\/dsc02780\/\" class=\"wp-image-254\"\/><\/figure><\/li><\/ul><\/figure>\n\n\n\n<p>Schon als dreij\u00e4hriges Kind war ich bereits \u201ek\u00fcnstlerisch t\u00e4tig\u201c.<\/p>\n\n\n\n<p>So berichtet meine Mutter und meint damit ihr Lieblingsm\u00f6belst\u00fcck, dass ich mit einer Haarspange zu einem Relief bearbeitet habe.<br>Sie schmunzelt zwar, ist aber gleichzeitig sehr stolz, dass sie meine kreative Ader so fr\u00fch entdeckt hat und gef\u00f6rdert hat. Generell malte ich lieber als zu reden.<\/p>\n\n\n\n<p>Im Laufe meines Lebens absolvierte ich mehrere k\u00fcnstlerische und p\u00e4dagogische Ausbildungen. Meine fachlichen Kompetenzen waren bestens ausgebildet.<br>Es hat trotzdem lange gedauert bis ich meinen Weg gefunden habe<br>um meine Berufung wirklich zu lieben und zu leben.<\/p>\n\n\n\n<p>Eine Zeit lang ging es mir folgenderma\u00dfen:<br>\u201eEs ist schlimm, sich zu zwingen, wie die anderen zu sein. Das f\u00fchrt zu Neurosen, Psychosen, Paranoia. Es ist schlimm, wie die anderen sein zu wollen, weil es bedeutet, der Natur Gewalt anzutun, den Gesetzen Gottes zuwiderzuhandeln, der in allen W\u00e4ldern dieser Welt kein Blatt geschaffen hat, das dem Anderen gleicht.\u201c<br>In dem Zitat aus dem Buch \u201eVeronika beschlie\u00dft zu sterben\u201c von Paulo Coelho finden sich viele Menschen wieder.<br>Wir alle haben Talente und Begabungen die in irgendwelcher Form gelebt werden wollen und m\u00fcssen damit wir im Fluss des Lebens gesund und erf\u00fcllt bleiben.<\/p>\n\n\n\n<p>Die guten Erfahrungen die wir im k\u00fcnstlerischen Bereich wagen, strahlen positiv auf unser tagt\u00e4gliches Leben. Wir sind entspannter und ein ganzes St\u00fcck gl\u00fccklicher.<br>Der Prozess in sich, das pure Formen und Gestalten wecken in uns  ungeahnte Potenziale. Ohne Anstrengung er\u00f6ffnen sich neue Erlebnisr\u00e4ume.<\/p>\n","protected":false},"excerpt":{"rendered":"<p>Vita 1976 geboren in Bydgoszcz ( Polen ) , lebt und arbeitet in Friedrichsdorf nahe Frankfurt. 1991-1996 Staatliches Lyzeum der Bildenden K\u00fcnste in Bydgoszcz Berufstitel: Bildende K\u00fcnstlerin1998-2004 Studium an der Goethe-Universit\u00e4t in Frankfurt am MainKunstp\u00e4dagogik Kunstgeschichte Psychoanalyse \/ Abschluss: Magistra Artium 2000-2014 Leitung einer Bastel-und Malwerkstatt in Oberursel 2002-2006 Leitung von Mal- und Zeichenkursen im &hellip; <\/p>\n<p class=\"link-more\"><a href=\"https:\/\/www.aniol-kowalska.de\/index.php\/ueber-mich-2\/\" class=\"more-link\"><span class=\"screen-reader-text\">\u201e\u00dcber mich\u201c <\/span>weiterlesen<\/a><\/p>\n","protected":false},"author":1,"featured_media":0,"parent":0,"menu_order":0,"comment_status":"closed","ping_status":"closed","template":"","meta":[],"_links":{"self":[{"href":"https:\/\/www.aniol-kowalska.de\/index.php\/wp-json\/wp\/v2\/pages\/82"}],"collection":[{"href":"https:\/\/www.aniol-kowalska.de\/index.php\/wp-json\/wp\/v2\/pages"}],"about":[{"href":"https:\/\/www.aniol-kowalska.de\/index.php\/wp-json\/wp\/v2\/types\/page"}],"author":[{"embeddable":true,"href":"https:\/\/www.aniol-kowalska.de\/index.php\/wp-json\/wp\/v2\/users\/1"}],"replies":[{"embeddable":true,"href":"https:\/\/www.aniol-kowalska.de\/index.php\/wp-json\/wp\/v2\/comments?post=82"}],"version-history":[{"count":21,"href":"https:\/\/www.aniol-kowalska.de\/index.php\/wp-json\/wp\/v2\/pages\/82\/revisions"}],"predecessor-version":[{"id":344,"href":"https:\/\/www.aniol-kowalska.de\/index.php\/wp-json\/wp\/v2\/pages\/82\/revisions\/344"}],"wp:attachment":[{"href":"https:\/\/www.aniol-kowalska.de\/index.php\/wp-json\/wp\/v2\/media?parent=82"}],"curies":[{"name":"wp","href":"https:\/\/api.w.org\/{rel}","templated":true}]}}