{"id":84,"date":"2020-03-09T14:39:53","date_gmt":"2020-03-09T14:39:53","guid":{"rendered":"https:\/\/neu.aniol-kowalska.de\/?page_id=84"},"modified":"2021-03-13T19:37:20","modified_gmt":"2021-03-13T19:37:20","slug":"impressum","status":"publish","type":"page","link":"https:\/\/www.aniol-kowalska.de\/index.php\/impressum\/","title":{"rendered":"Impressum\/Datenschutzerkl\u00e4rung"},"content":{"rendered":"\n<p>Impressum<\/p>\n\n\n\n<p>Verantwortlich f\u00fcr den Inhalt: <\/p>\n\n\n\n<p>Monika Aniol-Kowalska       <\/p>\n\n\n\n<p>Talm\u00fchle 34           <\/p>\n\n\n\n<p>61381 Friedrichsdorf<\/p>\n\n\n\n<p>Tel.:06007\/5389699 <\/p>\n\n\n\n<p class=\"has-text-align-left\">M.015755951230<\/p>\n\n\n\n<p><br>\u00a9 f\u00fcr alle Werkabbildungen: Monika Aniol-Kowalska<\/p>\n\n\n\n<p>Urheberrechtshinweis<br>Die auf dieser Webseite abgebildeten Kunstwerke sind urheberrechtlich gesch\u00fctzt. Alle Inhalte sind nur f\u00fcr die pers\u00f6nliche Information bestimmt. Jedwede weitergehende Verwendung, insbesondere die Ver\u00f6ffentlichung, Vervielf\u00e4ltigung und gewerbliche Nutzung sowie die Weitergabe an Dritte &#8211; auch in Teilen oder in \u00fcberarbeiteter Form &#8211; ist ohne Zustimmung von Monika Aniol-Kowalska nicht gestattet.<\/p>\n\n\n\n<p><br>Haftung f\u00fcr Inhalte<br>Die Inhalte dieser Seiten wurden mit gr\u00f6\u00dfter Sorgfalt erstellt. F\u00fcr die Richtigkeit, Vollst\u00e4ndigkeit und Aktualit\u00e4t der bereitgestellten Informationen kann jedoch keine Gew\u00e4hr \u00fcbernommen werden. Aus der Nutzung dieser Informationen abgeleitete Haftungsanspr\u00fcche sind ausgeschlossen.<\/p>\n\n\n\n<p>Datenschutzerkl\u00e4rung<\/p>\n\n\n\n<p>Die Nutzung dieser Webseite ist ohne Angabe personenbezogener Daten m\u00f6glich.<\/p>\n\n\n\n<p>Kontaktanfragen \/ Kontaktm\u00f6glichkeit<\/p>\n\n\n\n<p>Sofern Sie per E-Mail oder telefonisch mit mir in Kontakt treten, werden die dabei von Ihnen angegebenen Daten zur Bearbeitung Ihrer Anfrage genutzt. Die Angabe der Daten ist zur Bearbeitung und Beantwortung Ihre Anfrage erforderlich.<br>Rechtsgrundlage f\u00fcr diese Verarbeitung ist Art. 6 Abs. 1 lit. b) DSGVO.<br>Ihre Daten werden gel\u00f6scht, sofern Ihre Anfrage abschlie\u00dfend beantwortet worden ist und der L\u00f6schung keine gesetzlichen Aufbewahrungspflichten entgegenstehen<\/p>\n\n\n\n<p>Diese Webseite verwendet keine Cookies und keine Tracking-Services.<br>Bei dem Besuch von aniol-kowalska.de und bei jedem Abruf einer Seite speichert der Webserver \u00fcber diese Vorg\u00e4nge Zugriffsinformationen (Browsertyp\/Browserversion, aufgerufene URL, Referer URL, IP-Adresse des zugreifenden Systems, Datum und Uhrzeit der Serveranfrage). Diese Daten werden durch den auf Ihrem Endger\u00e4t zum Einsatz kommenden Internet-Browser automatisch an den Server meiner Webseite gesendet. Diese so genannten Http-Protokolldaten sind keine personenbezogenen Daten: es ist mir nicht m\u00f6glich, die erfassten Daten einer bestimmten nat\u00fcrlichen Person zuzuordnen. <\/p>\n\n\n\n<p>Eine Weitergabe der Daten an Dritte, oder eine Verkn\u00fcpfung dieser Daten mit anderen Datenverarbeitungen erfolgt durch mich nicht. Diese Http-Protokolldaten (Server-Log-Files) werden auf den Servern meines Webhosting-Anbieters erfasst und gespeichert, die Statistik befindet sich in einem passwort-gesicherten Bereich.<br>Die bei Nutzung dieses Internetauftritts verarbeiteten Daten werden gel\u00f6scht, sobald der Zweck der Speicherung entf\u00e4llt, oder der L\u00f6schung der Daten keine gesetzlichen Aufbewahrungspflichten entgegenstehen.<\/p>\n\n\n\n<p>Zur Wahrnehmung Ihres Auskunftsrechtes \u00fcber personenbezogene Daten, sowie Ihres Rechtes auf Berichtigung oder L\u00f6schung von personenbezogenen Daten, wenden Sie sich bitte an die unter Kontakt genannte Adresse.<\/p>\n\n\n\n<p>Der Nutzung von im Rahmen der Impressumspflicht ver\u00f6ffentlichten Kontaktdaten durch Dritte zur \u00dcbersendung von nicht angeforderter Werbung und vergleichbaren Informationen wird hiermit ausdr\u00fccklich widersprochen!<\/p>\n","protected":false},"excerpt":{"rendered":"<p>Impressum Verantwortlich f\u00fcr den Inhalt: Monika Aniol-Kowalska Talm\u00fchle 34 61381 Friedrichsdorf Tel.:06007\/5389699 M.015755951230 \u00a9 f\u00fcr alle Werkabbildungen: Monika Aniol-Kowalska UrheberrechtshinweisDie auf dieser Webseite abgebildeten Kunstwerke sind urheberrechtlich gesch\u00fctzt. Alle Inhalte sind nur f\u00fcr die pers\u00f6nliche Information bestimmt. Jedwede weitergehende Verwendung, insbesondere die Ver\u00f6ffentlichung, Vervielf\u00e4ltigung und gewerbliche Nutzung sowie die Weitergabe an Dritte &#8211; auch in &hellip; <\/p>\n<p class=\"link-more\"><a href=\"https:\/\/www.aniol-kowalska.de\/index.php\/impressum\/\" class=\"more-link\"><span class=\"screen-reader-text\">\u201eImpressum\/Datenschutzerkl\u00e4rung\u201c <\/span>weiterlesen<\/a><\/p>\n","protected":false},"author":1,"featured_media":0,"parent":0,"menu_order":0,"comment_status":"closed","ping_status":"closed","template":"","meta":[],"_links":{"self":[{"href":"https:\/\/www.aniol-kowalska.de\/index.php\/wp-json\/wp\/v2\/pages\/84"}],"collection":[{"href":"https:\/\/www.aniol-kowalska.de\/index.php\/wp-json\/wp\/v2\/pages"}],"about":[{"href":"https:\/\/www.aniol-kowalska.de\/index.php\/wp-json\/wp\/v2\/types\/page"}],"author":[{"embeddable":true,"href":"https:\/\/www.aniol-kowalska.de\/index.php\/wp-json\/wp\/v2\/users\/1"}],"replies":[{"embeddable":true,"href":"https:\/\/www.aniol-kowalska.de\/index.php\/wp-json\/wp\/v2\/comments?post=84"}],"version-history":[{"count":12,"href":"https:\/\/www.aniol-kowalska.de\/index.php\/wp-json\/wp\/v2\/pages\/84\/revisions"}],"predecessor-version":[{"id":354,"href":"https:\/\/www.aniol-kowalska.de\/index.php\/wp-json\/wp\/v2\/pages\/84\/revisions\/354"}],"wp:attachment":[{"href":"https:\/\/www.aniol-kowalska.de\/index.php\/wp-json\/wp\/v2\/media?parent=84"}],"curies":[{"name":"wp","href":"https:\/\/api.w.org\/{rel}","templated":true}]}}